{"id":1651,"date":"2020-09-25T08:48:33","date_gmt":"2020-09-25T08:48:33","guid":{"rendered":"https:\/\/dadelos.seo-diseno-web.comcommodities\/"},"modified":"2021-05-19T06:54:49","modified_gmt":"2021-05-19T06:54:49","slug":"commodities","status":"publish","type":"page","link":"https:\/\/dadelosagricola.com\/en\/commodities\/","title":{"rendered":"COMMODITIES"},"content":{"rendered":"<p>[vc_row inner_container=&#8221;no&#8221; padding_top=&#8221;0&#8243; padding_bottom=&#8221;0&#8243; margin_top=&#8221;0&#8243; visibility=&#8221;hidden-xs&#8221;][vc_column][rev_slider_vc alias=&#8221;commodities-12&#8243;][\/vc_column][\/vc_row][vc_row inner_container=&#8221;no&#8221; padding_top=&#8221;0&#8243; padding_bottom=&#8221;0&#8243; margin_top=&#8221;0&#8243; visibility=&#8221;hidden-sm,hidden-md,hidden-lg,hidden-xlg&#8221;][vc_column][rev_slider_vc alias=&#8221;commodities-movil-1&#8243;][\/vc_column][\/vc_row][vc_row visibility=&#8221;hidden-xs&#8221;][vc_column][vc_row_inner][vc_column_inner width=&#8221;1\/4&#8243;][vc_single_image image=&#8221;381&#8243; img_size=&#8221;full&#8221; alignment=&#8221;right&#8221;][\/vc_column_inner][vc_column_inner width=&#8221;3\/4&#8243;]<div  class=\"kleo-gap\" style=\"height:20px;line-height:20px;\"><\/div>[vc_custom_heading text=&#8221;FEED EXPERTS WITH THE CAPABILITY TO IMPROVE YOUR PRODUCTION&#8221; font_container=&#8221;tag:h2|font_size:26|text_align:left&#8221; google_fonts=&#8221;font_family:Roboto%3A100%2C100italic%2C300%2C300italic%2Cregular%2Citalic%2C500%2C500italic%2C700%2C700italic%2C900%2C900italic|font_style:500%20bold%20regular%3A500%3Anormal&#8221; css=&#8221;.vc_custom_1604394044667{margin-left: -px !important;border-left-width: -px !important;padding-left: -px !important;}&#8221;][\/vc_column_inner][\/vc_row_inner][vc_row_inner css=&#8221;.vc_custom_1601051567436{padding-right: 40px !important;padding-left: 40px !important;}&#8221;][vc_column_inner][vc_column_text]<\/p>\n<p style=\"text-align: center;\">It is of no surprise that <strong>only the best raw materials, guarantee the best final product<\/strong>. At\u00a0Dadelos Agricola\u00a0we have extensive experience in selecting the best products from both the national and international markets, thanks to a long-lasting relationship with our approved suppliers and our customers.<\/p>\n<p style=\"text-align: center;\">For over 20 years, Dadelos Agr\u00edcola\u00a0has been the main architect and promoter of the use of <strong>corn co-products<\/strong> for animal feed. We have the most extensive knowledge of these ingredients and the best international producers. Our market visibility allows us to advise you on the best products.<\/p>\n<p>[\/vc_column_text][\/vc_column_inner][\/vc_row_inner]<div  class=\"kleo-gap\" style=\"height:30px;line-height:30px;\"><\/div>[\/vc_column][\/vc_row][vc_row visibility=&#8221;hidden-sm,hidden-md,hidden-lg,hidden-xlg&#8221;][vc_column][vc_row_inner][vc_column_inner width=&#8221;1\/4&#8243;][vc_single_image image=&#8221;381&#8243; img_size=&#8221;full&#8221; alignment=&#8221;center&#8221;][\/vc_column_inner][vc_column_inner width=&#8221;3\/4&#8243;]<div  class=\"kleo-gap\" style=\"height:20px;line-height:20px;\"><\/div>[vc_custom_heading text=&#8221;FEED EXPERTS WITH THE CAPABILITY TO IMPROVE YOUR PRODUCTION&#8221; font_container=&#8221;tag:h2|font_size:26|text_align:center&#8221; google_fonts=&#8221;font_family:Roboto%3A100%2C100italic%2C300%2C300italic%2Cregular%2Citalic%2C500%2C500italic%2C700%2C700italic%2C900%2C900italic|font_style:500%20bold%20regular%3A500%3Anormal&#8221; css=&#8221;.vc_custom_1604394052216{margin-left: -px !important;border-left-width: -px !important;padding-left: -px !important;}&#8221;][\/vc_column_inner][\/vc_row_inner][vc_row_inner css=&#8221;.vc_custom_1601051567436{padding-right: 40px !important;padding-left: 40px !important;}&#8221;][vc_column_inner][vc_column_text]<\/p>\n<p style=\"text-align: center;\">It is of no surprise that <strong>only the best raw materials, guarantee the best final product<\/strong>. At\u00a0Dadelos Agricola\u00a0we have extensive experience in selecting the best products from both the national and international markets, thanks to a long-lasting relationship with our approved suppliers and our customers.<\/p>\n<p style=\"text-align: center;\">For over 20 years, Dadelos Agr\u00edcola\u00a0has been the main architect and promoter of the use of <strong>corn co-products<\/strong> for animal feed. We have the most extensive knowledge of these ingredients and the best international producers. Our market visibility allows us to advise you on the best products.<\/p>\n<p>[\/vc_column_text][\/vc_column_inner][\/vc_row_inner]<div  class=\"kleo-gap\" style=\"height:30px;line-height:30px;\"><\/div>[\/vc_column][\/vc_row][vc_row type=&#8221;color&#8221; bg_color=&#8221;#efefef&#8221;][vc_column]<div  class=\"kleo-gap\" style=\"height:30px;line-height:30px;\"><\/div>[vc_row_inner][vc_column_inner width=&#8221;1\/4&#8243;][vc_single_image image=&#8221;615&#8243; img_size=&#8221;full&#8221; alignment=&#8221;center&#8221; onclick=&#8221;link_image&#8221;][vc_column_text]<\/p>\n<h4 style=\"text-align: center;\"><strong>Camelina oil<\/strong><\/h4>\n<p style=\"text-align: center;\">Oil rich in omega 3 and 6. National production. NON-GMO.<\/p>\n<p>[\/vc_column_text][\/vc_column_inner][vc_column_inner width=&#8221;1\/4&#8243;][vc_single_image image=&#8221;616&#8243; img_size=&#8221;full&#8221; alignment=&#8221;center&#8221; onclick=&#8221;link_image&#8221;][vc_column_text]<\/p>\n<h4 style=\"text-align: center;\"><strong>Bagasse<\/strong><\/h4>\n<p style=\"text-align: center;\">Corn germ pressure cake. NON-GMO. Protein and fat contribution.<\/p>\n<p>[\/vc_column_text][\/vc_column_inner][vc_column_inner width=&#8221;1\/4&#8243;][vc_single_image image=&#8221;617&#8243; img_size=&#8221;full&#8221; alignment=&#8221;center&#8221; onclick=&#8221;link_image&#8221;][vc_column_text]<\/p>\n<h4 style=\"text-align: center;\"><strong>Camelina Husk<\/strong><\/h4>\n<p style=\"text-align: center;\">Fibre made up of the shells of the Camelina seeds.Camelina Husk<\/p>\n<p>[\/vc_column_text][\/vc_column_inner][vc_column_inner width=&#8221;1\/4&#8243;][vc_single_image image=&#8221;618&#8243; img_size=&#8221;full&#8221; alignment=&#8221;center&#8221; onclick=&#8221;link_image&#8221;][vc_column_text]<\/p>\n<h4 style=\"text-align: center;\"><strong>Dextrosa<\/strong><\/h4>\n<p style=\"text-align: center;\">Glucose powder, obtained after the hydrolysis of non-GMO origin starch.<\/p>\n<p>[\/vc_column_text][\/vc_column_inner][\/vc_row_inner]<div  class=\"kleo-gap\" style=\"height:30px;line-height:30px;\"><\/div>[vc_row_inner][vc_column_inner width=&#8221;1\/4&#8243;][vc_single_image image=&#8221;619&#8243; img_size=&#8221;full&#8221; alignment=&#8221;center&#8221; onclick=&#8221;link_image&#8221;][vc_column_text]<\/p>\n<h4 style=\"text-align: center;\"><strong>Gluten feed<\/strong><\/h4>\n<p style=\"text-align: center;\">Non-GMO corn fraction composed mainly of fiber, and enriched with starch, soluble protein and trace elements.<\/p>\n<p>[\/vc_column_text][\/vc_column_inner][vc_column_inner width=&#8221;1\/4&#8243;][vc_single_image image=&#8221;620&#8243; img_size=&#8221;full&#8221; alignment=&#8221;center&#8221; onclick=&#8221;link_image&#8221;][vc_column_text]<\/p>\n<h4 style=\"text-align: center;\"><strong>Gluten meal<\/strong><\/h4>\n<p style=\"text-align: center;\">Insoluble digestible protein extracted from non-GMO maize grain<\/p>\n<p>[\/vc_column_text][\/vc_column_inner][vc_column_inner width=&#8221;1\/4&#8243;][vc_single_image image=&#8221;2024&#8243; img_size=&#8221;full&#8221; alignment=&#8221;center&#8221; onclick=&#8221;link_image&#8221;][vc_column_text]<\/p>\n<h4 style=\"text-align: center;\"><strong>Mealect 50-30 (Insect meal)<\/strong><\/h4>\n<p style=\"text-align: center;\">Protein flour obtained from Tenebrio molitor larvae.<\/p>\n<p>[\/vc_column_text][\/vc_column_inner][vc_column_inner width=&#8221;1\/4&#8243;][vc_single_image image=&#8221;2026&#8243; img_size=&#8221;full&#8221; alignment=&#8221;center&#8221; onclick=&#8221;link_image&#8221;][vc_column_text]<\/p>\n<h4 style=\"text-align: center;\"><strong>Fresh larvae<\/strong><\/h4>\n<p style=\"text-align: center;\">Obtained by blanching and freezing<br \/>\nTenebrio molitor larvae reared on vegetal feed.[\/vc_column_text][\/vc_column_inner][\/vc_row_inner][\/vc_column][\/vc_row][vc_row][vc_column][vc_single_image image=&#8221;1654&#8243; img_size=&#8221;445&#215;80&#8243; alignment=&#8221;center&#8221; onclick=&#8221;custom_link&#8221; link=&#8221;https:\/\/dadelosagricola.com\/buscador-de-productos\/#commo&#8221;][\/vc_column][\/vc_row][vc_row type=&#8221;image&#8221; bg_image=&#8221;191&#8243;][vc_column]<div  class=\"kleo-gap\" style=\"height:300px;line-height:300px;\"><\/div>[vc_row_inner][vc_column_inner width=&#8221;1\/6&#8243;][vc_single_image image=&#8221;261&#8243; img_size=&#8221;full&#8221;][\/vc_column_inner][vc_column_inner width=&#8221;2\/3&#8243;]<div  class=\"kleo-gap\" style=\"height:10px;line-height:10px;\"><\/div>[vc_column_text]<\/p>\n<p style=\"font-size: 12px; text-align: center;\"><span style=\"color: #ffffff;\"><a style=\"color: #ffffff;\" href=\"https:\/\/dadelosagricola.com\/en\/\">HOME<\/a> &#8211;<a style=\"color: #ffffff;\" href=\"https:\/\/dadelosagricola.com\/en\/company\/\"> COMPANY <\/a> &#8211; <a style=\"color: #ffffff;\" href=\"https:\/\/dadelosagricola.com\/en\/cdmo\/\">CDMO<\/a> &#8211; <a style=\"color: #ffffff;\" href=\"https:\/\/dadelosagricola.com\/en\/beekeeping\/\">BEEKEEPING<\/a> &#8211; <a style=\"color: #ffffff;\" href=\"https:\/\/dadelosagricola.com\/en\/commodities\/\">COMMODITIES<\/a> &#8211; <a style=\"color: #ffffff;\" href=\"https:\/\/dadelosagricola.com\/en\/contacto\/\">CONTACT<\/a>\u00a0<\/span><\/p>\n<p>[\/vc_column_text][\/vc_column_inner][vc_column_inner width=&#8221;1\/6&#8243;]<div  class=\"kleo-gap\" style=\"height:10px;line-height:10px;\"><\/div><a class=\"btn btn-special btn-custom\" href=\"https:\/\/dadelosagricola.com\/en\/contacto\/\" style=\"background-color: rgba(0,0,0,0.01);color: #ffffff;border-color: #ffffff;border-width: 1px;\">Contact us<\/a>[\/vc_column_inner][\/vc_row_inner]<div  class=\"kleo-gap\" style=\"height:20px;line-height:20px;\"><\/div>[vc_separator color=&#8221;white&#8221;][vc_column_text css=&#8221;.vc_custom_1599832600298{margin-top: -30px !important;border-top-width: -30px !important;padding-top: -30px !important;}&#8221;]<\/p>\n<p style=\"font-size: 12px; text-align: left;\"><strong><span style=\"color: #ffffff;\">Copyright \u00a9 2020 Dadelos Agr\u00edcola. Todos los derechos reservados &#8211; <a style=\"color: #fff !important;\" href=\"https:\/\/dadelosagricola.com\/aviso-legal\/\">Aviso Legal<\/a> &#8211; <a style=\"color: #fff !important;\" href=\"https:\/\/dadelosagricola.com\/politica-de-privacidad\/\">Pol\u00edtica de privacidad<\/a> &#8211; <a style=\"color: #fff !important;\" href=\"https:\/\/dadelosagricola.com\/politica-de-cookies\/\">Pol\u00edtica de cookies<\/a> &#8211; Dise\u00f1ado por <a style=\"color: #fff !important;\" href=\"https:\/\/wellaggio.com\/\" target=\"_blank\" rel=\"noopener noreferrer\">Wellaggio<\/a>\u00a0<\/span><\/strong><\/p>\n<p>[\/vc_column_text][\/vc_column][\/vc_row]<\/p>\n","protected":false},"excerpt":{"rendered":"<p>[vc_row inner_container=&#8221;no&#8221; padding_top=&#8221;0&#8243; padding_bottom=&#8221;0&#8243; margin_top=&#8221;0&#8243; visibility=&#8221;hidden-xs&#8221;][vc_column][rev_slider_vc alias=&#8221;commodities-12&#8243;][\/vc_column][\/vc_row][vc_row inner_container=&#8221;no&#8221; padding_top=&#8221;0&#8243; padding_bottom=&#8221;0&#8243; margin_top=&#8221;0&#8243; visibility=&#8221;hidden-sm,hidden-md,hidden-lg,hidden-xlg&#8221;][vc_column][rev_slider_vc alias=&#8221;commodities-movil-1&#8243;][\/vc_column][\/vc_row][vc_row visibility=&#8221;hidden-xs&#8221;][vc_column][vc_row_inner][vc_column_inner width=&#8221;1\/4&#8243;][vc_single_image image=&#8221;381&#8243; img_size=&#8221;full&#8221; alignment=&#8221;right&#8221;][\/vc_column_inner][vc_column_inner width=&#8221;3\/4&#8243;][vc_custom_heading text=&#8221;FEED [&hellip;]<\/p>\n","protected":false},"author":1,"featured_media":0,"parent":0,"menu_order":0,"comment_status":"closed","ping_status":"closed","template":"page-templates\/full-width.php","meta":[],"yoast_head":"<!-- This site is optimized with the Yoast SEO plugin v15.2.1 - https:\/\/yoast.com\/wordpress\/plugins\/seo\/ -->\n<title>Alimentaci\u00f3n animal para mejorar la producci\u00f3n | Dadelos Agr\u00edcola<\/title>\n<meta name=\"description\" content=\"Expertos en la alimentaci\u00f3n animal que mejora la producci\u00f3n. Contamos con las mejores materias primas para garantizarte el mejor producto.\" \/>\n<meta name=\"robots\" content=\"index, follow, max-snippet:-1, max-image-preview:large, max-video-preview:-1\" \/>\n<link rel=\"canonical\" href=\"https:\/\/dadelosagricola.com\/en\/commodities\/\" \/>\n<meta property=\"og:locale\" content=\"en_US\" \/>\n<meta property=\"og:type\" content=\"article\" \/>\n<meta property=\"og:title\" content=\"Alimentaci\u00f3n animal para mejorar la producci\u00f3n | Dadelos Agr\u00edcola\" \/>\n<meta property=\"og:description\" content=\"Expertos en la alimentaci\u00f3n animal que mejora la producci\u00f3n. Contamos con las mejores materias primas para garantizarte el mejor producto.\" \/>\n<meta property=\"og:url\" content=\"https:\/\/dadelosagricola.com\/en\/commodities\/\" \/>\n<meta property=\"og:site_name\" content=\"Dadelos\" \/>\n<meta property=\"article:modified_time\" content=\"2021-05-19T06:54:49+00:00\" \/>\n<meta name=\"twitter:card\" content=\"summary_large_image\" \/>\n<meta name=\"twitter:label1\" content=\"Written by\">\n\t<meta name=\"twitter:data1\" content=\"admin\">\n\t<meta name=\"twitter:label2\" content=\"Est. reading time\">\n\t<meta name=\"twitter:data2\" content=\"4 minutes\">\n<script type=\"application\/ld+json\" class=\"yoast-schema-graph\">{\"@context\":\"https:\/\/schema.org\",\"@graph\":[{\"@type\":\"Organization\",\"@id\":\"https:\/\/dadelosagricola.com\/#organization\",\"name\":\"Dadelos Agr\\u00edcola\",\"url\":\"https:\/\/dadelosagricola.com\/\",\"sameAs\":[],\"logo\":{\"@type\":\"ImageObject\",\"@id\":\"https:\/\/dadelosagricola.com\/#logo\",\"inLanguage\":\"en-US\",\"url\":\"https:\/\/dadelosagricola.com\/wp-content\/uploads\/2020\/09\/logo-dadelos.png\",\"width\":261,\"height\":87,\"caption\":\"Dadelos Agr\\u00edcola\"},\"image\":{\"@id\":\"https:\/\/dadelosagricola.com\/#logo\"}},{\"@type\":\"WebSite\",\"@id\":\"https:\/\/dadelosagricola.com\/#website\",\"url\":\"https:\/\/dadelosagricola.com\/\",\"name\":\"Dadelos\",\"description\":\"Fortaleciendo la salud animal\",\"publisher\":{\"@id\":\"https:\/\/dadelosagricola.com\/#organization\"},\"potentialAction\":[{\"@type\":\"SearchAction\",\"target\":\"https:\/\/dadelosagricola.com\/?s={search_term_string}\",\"query-input\":\"required name=search_term_string\"}],\"inLanguage\":\"en-US\"},{\"@type\":\"WebPage\",\"@id\":\"https:\/\/dadelosagricola.com\/en\/commodities\/#webpage\",\"url\":\"https:\/\/dadelosagricola.com\/en\/commodities\/\",\"name\":\"Alimentaci\\u00f3n animal para mejorar la producci\\u00f3n | Dadelos Agr\\u00edcola\",\"isPartOf\":{\"@id\":\"https:\/\/dadelosagricola.com\/#website\"},\"datePublished\":\"2020-09-25T08:48:33+00:00\",\"dateModified\":\"2021-05-19T06:54:49+00:00\",\"description\":\"Expertos en la alimentaci\\u00f3n animal que mejora la producci\\u00f3n. Contamos con las mejores materias primas para garantizarte el mejor producto.\",\"inLanguage\":\"en-US\",\"potentialAction\":[{\"@type\":\"ReadAction\",\"target\":[\"https:\/\/dadelosagricola.com\/en\/commodities\/\"]}]}]}<\/script>\n<!-- \/ Yoast SEO plugin. -->","_links":{"self":[{"href":"https:\/\/dadelosagricola.com\/en\/wp-json\/wp\/v2\/pages\/1651\/"}],"collection":[{"href":"https:\/\/dadelosagricola.com\/en\/wp-json\/wp\/v2\/pages\/"}],"about":[{"href":"https:\/\/dadelosagricola.com\/en\/wp-json\/wp\/v2\/types\/page\/"}],"author":[{"embeddable":true,"href":"https:\/\/dadelosagricola.com\/en\/wp-json\/wp\/v2\/users\/1\/"}],"replies":[{"embeddable":true,"href":"https:\/\/dadelosagricola.com\/en\/wp-json\/wp\/v2\/comments\/?post=1651"}],"version-history":[{"count":8,"href":"https:\/\/dadelosagricola.com\/en\/wp-json\/wp\/v2\/pages\/1651\/revisions\/"}],"predecessor-version":[{"id":2033,"href":"https:\/\/dadelosagricola.com\/en\/wp-json\/wp\/v2\/pages\/1651\/revisions\/2033\/"}],"wp:attachment":[{"href":"https:\/\/dadelosagricola.com\/en\/wp-json\/wp\/v2\/media\/?parent=1651"}],"curies":[{"name":"wp","href":"https:\/\/api.w.org\/{rel}","templated":true}]}}