{"id":1637,"date":"2020-09-24T08:47:15","date_gmt":"2020-09-24T08:47:15","guid":{"rendered":"https:\/\/dadelos.seo-diseno-web.comdadelos-apicola\/"},"modified":"2020-11-06T19:07:58","modified_gmt":"2020-11-06T19:07:58","slug":"beekeeping","status":"publish","type":"page","link":"https:\/\/dadelosagricola.com\/en\/beekeeping\/","title":{"rendered":"BEEKEEPING"},"content":{"rendered":"<p>[vc_row inner_container=&#8221;no&#8221; padding_top=&#8221;0&#8243; padding_bottom=&#8221;0&#8243; margin_top=&#8221;0&#8243;][vc_column][rev_slider_vc alias=&#8221;apicola-1&#8243;][\/vc_column][\/vc_row][vc_row css_animation=&#8221;left-to-right&#8221; inner_container=&#8221;no&#8221; type=&#8221;color&#8221; bg_color=&#8221;#ffffff&#8221; column_gap=&#8221;no&#8221; padding_top=&#8221;0&#8243; padding_bottom=&#8221;0&#8243; margin_top=&#8221;px&#8221; min_height=&#8221;175px&#8221; animation=&#8221;animate-when-almost-visible&#8221; visibility=&#8221;hidden-xs&#8221;][vc_column width=&#8221;1\/2&#8243; css=&#8221;.vc_custom_1599806933359{padding-right: 30px !important;padding-left: 80px !important;}&#8221;][vc_row_inner css=&#8221;.vc_custom_1601018447258{margin-left: 80px !important;}&#8221;][vc_column_inner width=&#8221;1\/4&#8243; css=&#8221;.vc_custom_1599807432771{padding-left: 10px !important;}&#8221;][vc_single_image image=&#8221;678&#8243; img_size=&#8221;100&#215;87&#8243;][\/vc_column_inner][vc_column_inner width=&#8221;3\/4&#8243;]<div  class=\"kleo-gap\" style=\"height:10px;line-height:10px;\"><\/div>[vc_custom_heading text=&#8221;Experts in<br \/>\nbee nutrition&#8221; font_container=&#8221;tag:h2|font_size:30|text_align:left&#8221; google_fonts=&#8221;font_family:Roboto%3A100%2C100italic%2C300%2C300italic%2Cregular%2Citalic%2C500%2C500italic%2C700%2C700italic%2C900%2C900italic|font_style:500%20bold%20regular%3A500%3Anormal&#8221; css=&#8221;.vc_custom_1604390967338{margin-left: 0px !important;border-left-width: 0px !important;padding-left: px !important;}&#8221;]<div  class=\"kleo-gap\" style=\"height:5px;line-height:5px;\"><\/div>[\/vc_column_inner][\/vc_row_inner]<div  class=\"kleo-gap\" style=\"height:30px;line-height:30px;\"><\/div>[vc_column_text css=&#8221;.vc_custom_1604391015922{margin-left: 80px !important;}&#8221;]The nutritional aspects of\u00a0apiculture have become a necessary tool in ensuring the <strong>survival of<\/strong> <strong>hives<\/strong> at the most challenging times of the year. Various factors, such as climatic conditions, the type of hive, the time of the year, the level of reserves, the geographical area, etc., all influence the nutritional needs of the colony.\u00a0For this reason, our philosophy is aimed at providing you with the ingredients that help you make <strong>feed that is<\/strong> <strong>best suited to each moment<\/strong>.<\/p>\n<p>At DADELOS APICOLA we provide products, developed specifically for the sustenance of your beehives. We ensure the <strong>quality and traceability<\/strong> during\u00a0the production process, and we certify their <strong>NON-GMO origin<\/strong>. In this way, we make sure that our products comply with the necessary requirements for the highest quality levels in terms of <strong>digestibility, absorption and safety.<\/strong>[\/vc_column_text]<div  class=\"kleo-gap\" style=\"height:30px;line-height:30px;\"><\/div>[\/vc_column][vc_column width=&#8221;1\/2&#8243;][vc_single_image image=&#8221;679&#8243; img_size=&#8221;full&#8221; alignment=&#8221;right&#8221;][\/vc_column][\/vc_row][vc_row css_animation=&#8221;left-to-right&#8221; inner_container=&#8221;no&#8221; type=&#8221;color&#8221; bg_color=&#8221;#ffffff&#8221; column_gap=&#8221;no&#8221; padding_top=&#8221;0&#8243; padding_bottom=&#8221;0&#8243; margin_top=&#8221;px&#8221; min_height=&#8221;175px&#8221; animation=&#8221;animate-when-almost-visible&#8221; visibility=&#8221;hidden-sm,hidden-md,hidden-lg,hidden-xlg&#8221;][vc_column width=&#8221;1\/2&#8243; css=&#8221;.vc_custom_1603215863974{padding-right: 20px !important;padding-left: 20px !important;}&#8221;][vc_row_inner css=&#8221;.vc_custom_1603216073171{margin-left: 00px !important;}&#8221;][vc_column_inner width=&#8221;1\/4&#8243; css=&#8221;.vc_custom_1603216137780{padding-left: 0px !important;}&#8221;][vc_single_image image=&#8221;678&#8243; img_size=&#8221;100&#215;87&#8243; alignment=&#8221;center&#8221;][\/vc_column_inner][vc_column_inner width=&#8221;3\/4&#8243;]<div  class=\"kleo-gap\" style=\"height:10px;line-height:10px;\"><\/div>[vc_custom_heading text=&#8221;Experts in<br \/>\nbee nutrition&#8221; font_container=&#8221;tag:h2|font_size:30|text_align:center&#8221; google_fonts=&#8221;font_family:Roboto%3A100%2C100italic%2C300%2C300italic%2Cregular%2Citalic%2C500%2C500italic%2C700%2C700italic%2C900%2C900italic|font_style:500%20bold%20regular%3A500%3Anormal&#8221; css=&#8221;.vc_custom_1604390983589{margin-left: 0px !important;border-left-width: 0px !important;padding-left: px !important;}&#8221;]<div  class=\"kleo-gap\" style=\"height:5px;line-height:5px;\"><\/div>[\/vc_column_inner][\/vc_row_inner]<div  class=\"kleo-gap\" style=\"height:30px;line-height:30px;\"><\/div>[vc_column_text css=&#8221;.vc_custom_1604391026136{margin-left: 0px !important;}&#8221;]The nutritional aspects of\u00a0apiculture have become a necessary tool in ensuring the <strong>survival of<\/strong> <strong>hives<\/strong> at the most challenging times of the year. Various factors, such as climatic conditions, the type of hive, the time of the year, the level of reserves, the geographical area, etc., all influence the nutritional needs of the colony.\u00a0For this reason, our philosophy is aimed at providing you with the ingredients that help you make <strong>feed that is<\/strong> <strong>best suited to each moment<\/strong>.<\/p>\n<p>At DADELOS APICOLA we provide products, developed specifically for the sustenance of your beehives. We ensure the <strong>quality and traceability<\/strong> during\u00a0the production process, and we certify their <strong>NON-GMO origin<\/strong>. In this way, we make sure that our products comply with the necessary requirements for the highest quality levels in terms of <strong>digestibility, absorption and safety.<\/strong>[\/vc_column_text]<div  class=\"kleo-gap\" style=\"height:30px;line-height:30px;\"><\/div>[\/vc_column][vc_column width=&#8221;1\/2&#8243;][vc_single_image image=&#8221;679&#8243; img_size=&#8221;full&#8221; alignment=&#8221;right&#8221;][\/vc_column][\/vc_row][vc_row][vc_column]<div  class=\"kleo-gap\" style=\"height:20px;line-height:20px;\"><\/div>[\/vc_column][\/vc_row][vc_row inner_container=&#8221;no&#8221; visibility=&#8221;hidden-xs&#8221;][vc_column][vc_single_image image=&#8221;1642&#8243; img_size=&#8221;full&#8221;][\/vc_column][\/vc_row][vc_row inner_container=&#8221;no&#8221; visibility=&#8221;hidden-sm,hidden-md,hidden-lg,hidden-xlg&#8221;][vc_column][vc_single_image image=&#8221;1645&#8243; img_size=&#8221;full&#8221;][\/vc_column][\/vc_row][vc_row css_animation=&#8221;left-to-right&#8221; inner_container=&#8221;no&#8221; type=&#8221;color&#8221; bg_color=&#8221;#ffffff&#8221; column_gap=&#8221;no&#8221; padding_top=&#8221;0&#8243; padding_bottom=&#8221;0&#8243; margin_top=&#8221;px&#8221; min_height=&#8221;175px&#8221; animation=&#8221;animate-when-almost-visible&#8221;][vc_column width=&#8221;1\/2&#8243; css=&#8221;.vc_custom_1601017066011{padding-right: 30px !important;padding-left: 0px !important;}&#8221;][vc_single_image image=&#8221;685&#8243; img_size=&#8221;full&#8221; alignment=&#8221;right&#8221;]<div  class=\"kleo-gap\" style=\"height:50px;line-height:50px;\"><\/div>[\/vc_column][vc_column width=&#8221;1\/2&#8243;]<div  class=\"kleo-gap\" style=\"height:20px;line-height:20px;\"><\/div>[vc_column_text css=&#8221;.vc_custom_1604391073871{margin-right: 50px !important;margin-left: 50px !important;}&#8221;]Throughout the year, there is a key moment in the preparation of your beehive for the next season: This is Autumn. Ensuring that bees have access to a quality nutrients source is vital to get them through the winter in good numbers, thus ensuring the survival of your hives. Ensuring that your bees have access to a quality nutrients source is vital to get them through the winter in\u00a0good numbers, thus ensuring the survival of your hive.<\/p>\n<p>Supplementing feed sources with glucose-fructose syrups will also help with maintaining the population during the difficulties associated with <strong>flowering failures<\/strong> and in <strong>times of drought<\/strong>, therefore keeping the colony active. Our range of\u00a0<strong>Fructobee\u00ae Energy and Fructobee\u00ae 79<\/strong>\u00a0syrups\u00a0contains a <strong>balanced composition<\/strong> of different types of sugars; these are very appetising and energy-boosting. In times of <strong>pollen deficiency<\/strong>, it will be necessary to provide other nutrients such as <strong>protein, fat, vitamins and minerals<\/strong>. \u00a0Through preparation of the most appropriate feed, by combining the different products we offer, you can maintain a strong <strong>beehive <\/strong>with good <strong>reserves<\/strong>.[\/vc_column_text]<div  class=\"kleo-gap\" style=\"height:60px;line-height:60px;\"><\/div>[vc_single_image image=&#8221;1648&#8243; img_size=&#8221;400&#215;88&#8243; alignment=&#8221;center&#8221; onclick=&#8221;custom_link&#8221; link=&#8221;https:\/\/dadelosagricola.com\/buscador-de-productos\/#apicultura&#8221;][\/vc_column][\/vc_row][vc_row type=&#8221;image&#8221; bg_image=&#8221;683&#8243;][vc_column]<div  class=\"kleo-gap\" style=\"height:300px;line-height:300px;\"><\/div>[vc_row_inner][vc_column_inner width=&#8221;1\/6&#8243;][vc_single_image image=&#8221;261&#8243; img_size=&#8221;full&#8221;][\/vc_column_inner][vc_column_inner width=&#8221;2\/3&#8243;]<div  class=\"kleo-gap\" style=\"height:10px;line-height:10px;\"><\/div>[vc_column_text]<\/p>\n<p style=\"font-size: 12px; text-align: center;\"><span style=\"color: #ffffff;\"><a style=\"color: #ffffff;\" href=\"https:\/\/dadelosagricola.com\/en\/\">HOME<\/a> &#8211;<a style=\"color: #ffffff;\" href=\"https:\/\/dadelosagricola.com\/en\/company\/\"> COMPANY <\/a> &#8211; <a style=\"color: #ffffff;\" href=\"https:\/\/dadelosagricola.com\/en\/cdmo\/\">CDMO<\/a> &#8211; <a style=\"color: #ffffff;\" href=\"https:\/\/dadelosagricola.com\/en\/beekeeping\/\">BEEKEEPING<\/a> &#8211; <a style=\"color: #ffffff;\" href=\"https:\/\/dadelosagricola.com\/en\/commodities\/\">COMMODITIES<\/a> &#8211; <a style=\"color: #ffffff;\" href=\"https:\/\/dadelosagricola.com\/en\/contacto\/\">CONTACT<\/a>\u00a0<\/span><\/p>\n<p>[\/vc_column_text][\/vc_column_inner][vc_column_inner width=&#8221;1\/6&#8243;]<div  class=\"kleo-gap\" style=\"height:10px;line-height:10px;\"><\/div><a class=\"btn btn-special btn-custom\" href=\"https:\/\/dadelosagricola.com\/en\/contacto\/\" style=\"background-color: rgba(0,0,0,0.01);color: #ffffff;border-color: #ffffff;border-width: 1px;\">Contact us<\/a>[\/vc_column_inner][\/vc_row_inner]<div  class=\"kleo-gap\" style=\"height:20px;line-height:20px;\"><\/div>[vc_separator color=&#8221;white&#8221;][vc_column_text css=&#8221;.vc_custom_1599832600298{margin-top: -30px !important;border-top-width: -30px !important;padding-top: -30px !important;}&#8221;]<\/p>\n<p style=\"font-size: 12px; text-align: left;\"><strong><span style=\"color: #ffffff;\">Copyright \u00a9 2020 Dadelos Agr\u00edcola. Todos los derechos reservados &#8211; <a style=\"color: #fff !important;\" href=\"https:\/\/dadelosagricola.com\/aviso-legal\/\">Aviso Legal<\/a> &#8211; <a style=\"color: #fff !important;\" href=\"https:\/\/dadelosagricola.com\/politica-de-privacidad\/\">Pol\u00edtica de privacidad<\/a> &#8211; <a style=\"color: #fff !important;\" href=\"https:\/\/dadelosagricola.com\/politica-de-cookies\/\">Pol\u00edtica de cookies<\/a> &#8211; Dise\u00f1ado por <a style=\"color: #fff !important;\" href=\"https:\/\/wellaggio.com\/\" target=\"_blank\" rel=\"noopener noreferrer\">Wellaggio<\/a>\u00a0<\/span><\/strong><\/p>\n<p>[\/vc_column_text][\/vc_column][\/vc_row]<\/p>\n","protected":false},"excerpt":{"rendered":"<p>[vc_row inner_container=&#8221;no&#8221; padding_top=&#8221;0&#8243; padding_bottom=&#8221;0&#8243; margin_top=&#8221;0&#8243;][vc_column][rev_slider_vc alias=&#8221;apicola-1&#8243;][\/vc_column][\/vc_row][vc_row css_animation=&#8221;left-to-right&#8221; inner_container=&#8221;no&#8221; type=&#8221;color&#8221; bg_color=&#8221;#ffffff&#8221; column_gap=&#8221;no&#8221; padding_top=&#8221;0&#8243; padding_bottom=&#8221;0&#8243; margin_top=&#8221;px&#8221; min_height=&#8221;175px&#8221; animation=&#8221;animate-when-almost-visible&#8221; visibility=&#8221;hidden-xs&#8221;][vc_column width=&#8221;1\/2&#8243; css=&#8221;.vc_custom_1599806933359{padding-right: 30px [&hellip;]<\/p>\n","protected":false},"author":1,"featured_media":0,"parent":0,"menu_order":0,"comment_status":"closed","ping_status":"closed","template":"page-templates\/full-width.php","meta":[],"yoast_head":"<!-- This site is optimized with the Yoast SEO plugin v15.2.1 - https:\/\/yoast.com\/wordpress\/plugins\/seo\/ -->\n<title>Expertos en nutrici\u00f3n ap\u00edcola | Dadelos Agr\u00edcola<\/title>\n<meta name=\"description\" content=\"Nutrici\u00f3n ap\u00edcola para garantizar la supervivencia de las colmenas. Creamos productos para la nutrici\u00f3n de tus colmenas.\" \/>\n<meta name=\"robots\" content=\"index, follow, max-snippet:-1, max-image-preview:large, max-video-preview:-1\" \/>\n<link rel=\"canonical\" href=\"https:\/\/dadelosagricola.com\/en\/beekeeping\/\" \/>\n<meta property=\"og:locale\" content=\"en_US\" \/>\n<meta property=\"og:type\" content=\"article\" \/>\n<meta property=\"og:title\" content=\"Expertos en nutrici\u00f3n ap\u00edcola | Dadelos Agr\u00edcola\" \/>\n<meta property=\"og:description\" content=\"Nutrici\u00f3n ap\u00edcola para garantizar la supervivencia de las colmenas. Creamos productos para la nutrici\u00f3n de tus colmenas.\" \/>\n<meta property=\"og:url\" content=\"https:\/\/dadelosagricola.com\/en\/beekeeping\/\" \/>\n<meta property=\"og:site_name\" content=\"Dadelos\" \/>\n<meta property=\"article:modified_time\" content=\"2020-11-06T19:07:58+00:00\" \/>\n<meta name=\"twitter:card\" content=\"summary_large_image\" \/>\n<meta name=\"twitter:label1\" content=\"Written by\">\n\t<meta name=\"twitter:data1\" content=\"admin\">\n\t<meta name=\"twitter:label2\" content=\"Est. reading time\">\n\t<meta name=\"twitter:data2\" content=\"5 minutes\">\n<script type=\"application\/ld+json\" class=\"yoast-schema-graph\">{\"@context\":\"https:\/\/schema.org\",\"@graph\":[{\"@type\":\"Organization\",\"@id\":\"https:\/\/dadelosagricola.com\/#organization\",\"name\":\"Dadelos Agr\\u00edcola\",\"url\":\"https:\/\/dadelosagricola.com\/\",\"sameAs\":[],\"logo\":{\"@type\":\"ImageObject\",\"@id\":\"https:\/\/dadelosagricola.com\/#logo\",\"inLanguage\":\"en-US\",\"url\":\"https:\/\/dadelosagricola.com\/wp-content\/uploads\/2020\/09\/logo-dadelos.png\",\"width\":261,\"height\":87,\"caption\":\"Dadelos Agr\\u00edcola\"},\"image\":{\"@id\":\"https:\/\/dadelosagricola.com\/#logo\"}},{\"@type\":\"WebSite\",\"@id\":\"https:\/\/dadelosagricola.com\/#website\",\"url\":\"https:\/\/dadelosagricola.com\/\",\"name\":\"Dadelos\",\"description\":\"Fortaleciendo la salud animal\",\"publisher\":{\"@id\":\"https:\/\/dadelosagricola.com\/#organization\"},\"potentialAction\":[{\"@type\":\"SearchAction\",\"target\":\"https:\/\/dadelosagricola.com\/?s={search_term_string}\",\"query-input\":\"required name=search_term_string\"}],\"inLanguage\":\"en-US\"},{\"@type\":\"WebPage\",\"@id\":\"https:\/\/dadelosagricola.com\/en\/beekeeping\/#webpage\",\"url\":\"https:\/\/dadelosagricola.com\/en\/beekeeping\/\",\"name\":\"Expertos en nutrici\\u00f3n ap\\u00edcola | Dadelos Agr\\u00edcola\",\"isPartOf\":{\"@id\":\"https:\/\/dadelosagricola.com\/#website\"},\"datePublished\":\"2020-09-24T08:47:15+00:00\",\"dateModified\":\"2020-11-06T19:07:58+00:00\",\"description\":\"Nutrici\\u00f3n ap\\u00edcola para garantizar la supervivencia de las colmenas. Creamos productos para la nutrici\\u00f3n de tus colmenas.\",\"inLanguage\":\"en-US\",\"potentialAction\":[{\"@type\":\"ReadAction\",\"target\":[\"https:\/\/dadelosagricola.com\/en\/beekeeping\/\"]}]}]}<\/script>\n<!-- \/ Yoast SEO plugin. -->","_links":{"self":[{"href":"https:\/\/dadelosagricola.com\/en\/wp-json\/wp\/v2\/pages\/1637\/"}],"collection":[{"href":"https:\/\/dadelosagricola.com\/en\/wp-json\/wp\/v2\/pages\/"}],"about":[{"href":"https:\/\/dadelosagricola.com\/en\/wp-json\/wp\/v2\/types\/page\/"}],"author":[{"embeddable":true,"href":"https:\/\/dadelosagricola.com\/en\/wp-json\/wp\/v2\/users\/1\/"}],"replies":[{"embeddable":true,"href":"https:\/\/dadelosagricola.com\/en\/wp-json\/wp\/v2\/comments\/?post=1637"}],"version-history":[{"count":8,"href":"https:\/\/dadelosagricola.com\/en\/wp-json\/wp\/v2\/pages\/1637\/revisions\/"}],"predecessor-version":[{"id":1857,"href":"https:\/\/dadelosagricola.com\/en\/wp-json\/wp\/v2\/pages\/1637\/revisions\/1857\/"}],"wp:attachment":[{"href":"https:\/\/dadelosagricola.com\/en\/wp-json\/wp\/v2\/media\/?parent=1637"}],"curies":[{"name":"wp","href":"https:\/\/api.w.org\/{rel}","templated":true}]}}